{"id":6265,"date":"2025-08-28T13:45:03","date_gmt":"2025-08-28T11:45:03","guid":{"rendered":"https:\/\/www.productip.com\/nutzungsbedingungen\/"},"modified":"2026-04-22T10:48:04","modified_gmt":"2026-04-22T08:48:04","slug":"nutzungsbedingungen","status":"publish","type":"page","link":"https:\/\/www.productip.com\/de\/nutzungsbedingungen\/","title":{"rendered":"Nutzungsbedingungen"},"content":{"rendered":"\t\t<div data-elementor-type=\"wp-page\" data-elementor-id=\"6265\" class=\"elementor elementor-6265 elementor-3735\" data-elementor-post-type=\"page\">\n\t\t\t\t<div class=\"elementor-element elementor-element-76d988e e-flex e-con-boxed e-con e-parent\" data-id=\"76d988e\" data-element_type=\"container\" data-e-type=\"container\">\n\t\t\t\t\t<div class=\"e-con-inner\">\n\t\t<div class=\"elementor-element elementor-element-c953842 e-con-full e-flex e-con e-child\" data-id=\"c953842\" data-element_type=\"container\" data-e-type=\"container\">\n\t\t\t\t<div class=\"elementor-element elementor-element-e3720ab elementor-widget elementor-widget-heading\" data-id=\"e3720ab\" data-element_type=\"widget\" data-e-type=\"widget\" data-widget_type=\"heading.default\">\n\t\t\t\t<div class=\"elementor-widget-container\">\n\t\t\t\t\t<h1 class=\"elementor-heading-title elementor-size-default\">Nutzungsbedingungen<span>.<\/span><\/h1>\t\t\t\t<\/div>\n\t\t\t\t<\/div>\n\t\t\t\t<\/div>\n\t\t\t\t\t<\/div>\n\t\t\t\t<\/div>\n\t\t<div class=\"elementor-element elementor-element-c8178a6 e-flex e-con-boxed e-con e-parent\" data-id=\"c8178a6\" data-element_type=\"container\" data-e-type=\"container\">\n\t\t\t\t\t<div class=\"e-con-inner\">\n\t\t<div class=\"elementor-element elementor-element-e75d22d e-con-full e-flex e-con e-child\" data-id=\"e75d22d\" data-element_type=\"container\" data-e-type=\"container\">\n\t\t\t\t<div class=\"elementor-element elementor-element-4fa63e7 elementor-widget elementor-widget-heading\" data-id=\"4fa63e7\" data-element_type=\"widget\" data-e-type=\"widget\" data-widget_type=\"heading.default\">\n\t\t\t\t<div class=\"elementor-widget-container\">\n\t\t\t\t\t<h3 class=\"elementor-heading-title elementor-size-default\">Zugang zu dieser Website<\/h3>\t\t\t\t<\/div>\n\t\t\t\t<\/div>\n\t\t\t\t<div class=\"elementor-element elementor-element-c1115b9 elementor-widget elementor-widget-text-editor\" data-id=\"c1115b9\" data-element_type=\"widget\" data-e-type=\"widget\" data-widget_type=\"text-editor.default\">\n\t\t\t\t<div class=\"elementor-widget-container\">\n\t\t\t\t\t\t\t\t\t<p>Diese Website ist Eigentum von ProductIP und wird von diesem Unternehmen betrieben. ProductIP gew\u00e4hrt Ihnen eine eingeschr\u00e4nkte Lizenz f\u00fcr den Zugriff auf die Website und f\u00fcr ihre pers\u00f6nliche Nutzung. Sie d\u00fcrfen die Website oder Teile davon nur mit ausdr\u00fccklicher schriftlicher Einwilligung von ProductIP herunterladen (mit Ausnahme von Seiten-Caching, Ver\u00f6ffentlichungen, technischen Dokumenten oder anderen Informationen) oder ver\u00e4ndern. Diese Lizenz umfasst nicht den Weiterverkauf oder die kommerzielle Nutzung der Website oder ihrer Inhalte, die Sammlung und Nutzung von Produktlisten, -beschreibungen oder -preisen, die abgeleitete Nutzung der Website oder ihrer Inhalte, das Herunterladen oder Kopieren von Kontoinformationen zugunsten eines anderen H\u00e4ndlers oder die Nutzung von Data Mining, Robotern oder \u00e4hnlichen Werkzeugen zur Datenerhebung und -extraktion. Die Website oder Teile davon d\u00fcrfen ohne die ausdr\u00fcckliche schriftliche Einwilligung von ProductIP nicht reproduziert, vervielf\u00e4ltigt, kopiert, verkauft, weiterverkauft, besucht oder anderweitig f\u00fcr kommerzielle Zwecke genutzt werden. Ohne ausdr\u00fcckliche schriftliche Einwilligung d\u00fcrfen Sie keine Framing-Verfahren anwenden, um Markenzeichen, Logos oder andere gesch\u00fctzte Informationen (einschlie\u00dflich Bilder, Texte, Seitenlayouts oder Formulare) von ProductIP einzubinden. Ohne die ausdr\u00fcckliche schriftliche Einwilligung von ProductIP d\u00fcrfen Sie keine Meta-Tags oder anderen \u201eversteckten Text\u201d verwenden, der den Namen oder die Marken von ProductIP enth\u00e4lt. Jegliche unerlaubte Nutzung f\u00fchrt zum Erl\u00f6schen der von ProductIP erteilten Genehmigung oder Lizenz. <\/p>\t\t\t\t\t\t\t\t<\/div>\n\t\t\t\t<\/div>\n\t\t\t\t<\/div>\n\t\t<div class=\"elementor-element elementor-element-3e16b52 e-con-full e-flex e-con e-child\" data-id=\"3e16b52\" data-element_type=\"container\" data-e-type=\"container\">\n\t\t\t\t<div class=\"elementor-element elementor-element-a0ee858 elementor-widget elementor-widget-heading\" data-id=\"a0ee858\" data-element_type=\"widget\" data-e-type=\"widget\" data-widget_type=\"heading.default\">\n\t\t\t\t<div class=\"elementor-widget-container\">\n\t\t\t\t\t<h3 class=\"elementor-heading-title elementor-size-default\">Stellenangebote<\/h3>\t\t\t\t<\/div>\n\t\t\t\t<\/div>\n\t\t\t\t<div class=\"elementor-element elementor-element-1aab2b0 elementor-widget elementor-widget-text-editor\" data-id=\"1aab2b0\" data-element_type=\"widget\" data-e-type=\"widget\" data-widget_type=\"text-editor.default\">\n\t\t\t\t<div class=\"elementor-widget-container\">\n\t\t\t\t\t\t\t\t\t<p>Diese Website kann Informationen \u00fcber Besch\u00e4ftigungsm\u00f6glichkeiten bei ProductIP beinhalten. Wenn Sie sich auf eine freie Stelle bewerben, gehen wir davon aus, dass Sie mit der Erstellung eines Bewerbungsformulars oder der \u00dcbermittlung Ihres Lebenslaufs Ihr Einverst\u00e4ndnis dazu erteilen, dass ProductIP die in Ihrem Formular\/Lebenslauf enthaltenen personenbezogenen Daten zum Zweck der Pr\u00fcfung Ihrer Bewerbung in \u00dcbereinstimmung mit unseren Standard-Einstellungsverfahren und zu den unten im Einzelnen beschriebenen Zwecken verwendet, speichert und vernichtet.<\/p><p>\u00a0<\/p><p>Bitte bewerben Sie sich nicht, wenn Sie nicht damit einverstanden sind, dass ProductIP Ihre Daten zu einem der unten genannten Zwecke verwendet,<\/p><p>\u00a0<\/p><p>aufbewahrt oder vernichtet:<\/p><p>Wir werden Ihre Angaben m\u00f6glicherweise f\u00fcr die n\u00e4chsten 12 Monate in unseren Unterlagen aufbewahren und Sie \u00fcber geeignete freie Stellen informieren. Sie erhalten dann die M\u00f6glichkeit, sich auf diese Stellen zu bewerben.<\/p><p>\u00a0<\/p><p>Je nach Art Ihrer Bewerbung ist es m\u00f6glich, dass Ihre personenbezogenen Daten in L\u00e4nder au\u00dferhalb des Europ\u00e4ischen Wirtschaftsraums (EWR) \u00fcbermittelt werden.<\/p>\t\t\t\t\t\t\t\t<\/div>\n\t\t\t\t<\/div>\n\t\t\t\t<\/div>\n\t\t<div class=\"elementor-element elementor-element-aa7b3d1 e-con-full e-flex e-con e-child\" data-id=\"aa7b3d1\" data-element_type=\"container\" data-e-type=\"container\">\n\t\t\t\t<div class=\"elementor-element elementor-element-09e4073 elementor-widget elementor-widget-heading\" data-id=\"09e4073\" data-element_type=\"widget\" data-e-type=\"widget\" data-widget_type=\"heading.default\">\n\t\t\t\t<div class=\"elementor-widget-container\">\n\t\t\t\t\t<h3 class=\"elementor-heading-title elementor-size-default\">Online-Bestellung<\/h3>\t\t\t\t<\/div>\n\t\t\t\t<\/div>\n\t\t\t\t<div class=\"elementor-element elementor-element-749965a elementor-widget elementor-widget-text-editor\" data-id=\"749965a\" data-element_type=\"widget\" data-e-type=\"widget\" data-widget_type=\"text-editor.default\">\n\t\t\t\t<div class=\"elementor-widget-container\">\n\t\t\t\t\t\t\t\t\t<p>Auf dieser Website besteht die M\u00f6glichkeit, ProductIP-Ver\u00f6ffentlichungen zu bestellen bzw. herunterzuladen, Informationen anzufordern oder sich f\u00fcr (Online-)Schulungsseminare anzumelden. Bei Nutzung dieser M\u00f6glichkeit werden bestimmte personenbezogene Daten abgefragt. Die Nutzung dieser Daten ist in unserer Datenschutzerkl\u00e4rung beschrieben.<\/p>\t\t\t\t\t\t\t\t<\/div>\n\t\t\t\t<\/div>\n\t\t\t\t<\/div>\n\t\t<div class=\"elementor-element elementor-element-6c962e9 e-con-full e-flex e-con e-child\" data-id=\"6c962e9\" data-element_type=\"container\" data-e-type=\"container\">\n\t\t\t\t<div class=\"elementor-element elementor-element-65c940b elementor-widget elementor-widget-heading\" data-id=\"65c940b\" data-element_type=\"widget\" data-e-type=\"widget\" data-widget_type=\"heading.default\">\n\t\t\t\t<div class=\"elementor-widget-container\">\n\t\t\t\t\t<h3 class=\"elementor-heading-title elementor-size-default\">Gerichtliche Zust\u00e4ndigkeit<\/h3>\t\t\t\t<\/div>\n\t\t\t\t<\/div>\n\t\t\t\t<div class=\"elementor-element elementor-element-4b14ce8 elementor-widget elementor-widget-text-editor\" data-id=\"4b14ce8\" data-element_type=\"widget\" data-e-type=\"widget\" data-widget_type=\"text-editor.default\">\n\t\t\t\t<div class=\"elementor-widget-container\">\n\t\t\t\t\t\t\t\t\t<p>Ihr Zugriff auf diese Website und Ihre Nutzung dieser Website, die Datenschutzerkl\u00e4rung und diese Nutzungsbedingungen (sowie alle Streitigkeiten, Kontroversen, Verfahren oder Anspr\u00fcche jeglicher Art, die sich in irgendeiner Weise daraus ergeben) unterliegen niederl\u00e4ndischem Recht und werden in \u00dcbereinstimmung mit diesen Gesetzen ausgelegt, unter Ausschluss jeglicher Regeln des Kollisionsrechts. Alle Streitigkeiten, die sich im Zusammenhang damit ergeben, unterliegen der ausschlie\u00dflichen Zust\u00e4ndigkeit der Gerichte in den Niederlanden.<\/p>\t\t\t\t\t\t\t\t<\/div>\n\t\t\t\t<\/div>\n\t\t\t\t<\/div>\n\t\t<div class=\"elementor-element elementor-element-389c3e0 e-con-full e-flex e-con e-child\" data-id=\"389c3e0\" data-element_type=\"container\" data-e-type=\"container\">\n\t\t\t\t<div class=\"elementor-element elementor-element-d83661e elementor-widget elementor-widget-heading\" data-id=\"d83661e\" data-element_type=\"widget\" data-e-type=\"widget\" data-widget_type=\"heading.default\">\n\t\t\t\t<div class=\"elementor-widget-container\">\n\t\t\t\t\t<h3 class=\"elementor-heading-title elementor-size-default\">Markenzeichen<\/h3>\t\t\t\t<\/div>\n\t\t\t\t<\/div>\n\t\t\t\t<div class=\"elementor-element elementor-element-fd73723 elementor-widget elementor-widget-text-editor\" data-id=\"fd73723\" data-element_type=\"widget\" data-e-type=\"widget\" data-widget_type=\"text-editor.default\">\n\t\t\t\t<div class=\"elementor-widget-container\">\n\t\t\t\t\t\t\t\t\t<p>Diese Website enth\u00e4lt Markenzeichen, die im Besitz von ProductIP sind und von diesem Unternehmen eingetragen wurden, um seine Dienstleistungen zu kennzeichnen. Eine Lizenz zur Nutzung dieser Marken wird hiermit weder gew\u00e4hrt noch impliziert. Ohne ausdr\u00fcckliche schriftliche Genehmigung ist jegliche Vervielf\u00e4ltigung untersagt.<\/p>\t\t\t\t\t\t\t\t<\/div>\n\t\t\t\t<\/div>\n\t\t\t\t<\/div>\n\t\t<div class=\"elementor-element elementor-element-3515857 e-con-full e-flex e-con e-child\" data-id=\"3515857\" data-element_type=\"container\" data-e-type=\"container\">\n\t\t\t\t<div class=\"elementor-element elementor-element-3cf8b1b elementor-widget elementor-widget-heading\" data-id=\"3cf8b1b\" data-element_type=\"widget\" data-e-type=\"widget\" data-widget_type=\"heading.default\">\n\t\t\t\t<div class=\"elementor-widget-container\">\n\t\t\t\t\t<h3 class=\"elementor-heading-title elementor-size-default\">Haftungsausschluss<\/h3>\t\t\t\t<\/div>\n\t\t\t\t<\/div>\n\t\t\t\t<div class=\"elementor-element elementor-element-d37f6bb elementor-widget elementor-widget-text-editor\" data-id=\"d37f6bb\" data-element_type=\"widget\" data-e-type=\"widget\" data-widget_type=\"text-editor.default\">\n\t\t\t\t<div class=\"elementor-widget-container\">\n\t\t\t\t\t\t\t\t\t<p>\u00a92018 ProductIP BV. Alle Rechte vorbehalten. Die Dienstleistungen von ProductIP, einschlie\u00dflich der Zusammenstellung von Daten auf dieser Website, beruhen auf \u00f6ffentlich zug\u00e4nglichen Quellen zum hier angegebenen Datum, f\u00fcr die ProductIP keine Verantwortung \u00fcbernimmt. Obwohl alle Anstrengungen unternommen wurden, um die Richtigkeit sicherzustellen, \u00fcbernimmt ProductIP keine Gew\u00e4hr f\u00fcr Fehler oder Auslassungen sowie keine Haftung, ohne Einschr\u00e4nkung, f\u00fcr indirekte oder Folgesch\u00e4den oder Verluste oder Sch\u00e4den, die durch die Nutzung oder das Herunterladen von Informationen von dieser Website entstehen. <\/p>\t\t\t\t\t\t\t\t<\/div>\n\t\t\t\t<\/div>\n\t\t\t\t<\/div>\n\t\t\t\t\t<\/div>\n\t\t\t\t<\/div>\n\t\t<div class=\"elementor-element elementor-element-34f7e37 e-flex e-con-boxed e-con e-parent\" data-id=\"34f7e37\" data-element_type=\"container\" data-e-type=\"container\">\n\t\t\t\t\t<div class=\"e-con-inner\">\n\t\t<div class=\"elementor-element elementor-element-9d0b988 e-con-full e-flex e-con e-child\" data-id=\"9d0b988\" data-element_type=\"container\" data-e-type=\"container\">\n\t\t\t\t<div class=\"elementor-element elementor-element-b4ae343 elementor-widget elementor-widget-spacer\" data-id=\"b4ae343\" data-element_type=\"widget\" data-e-type=\"widget\" data-widget_type=\"spacer.default\">\n\t\t\t\t<div class=\"elementor-widget-container\">\n\t\t\t\t\t\t\t<div class=\"elementor-spacer\">\n\t\t\t<div class=\"elementor-spacer-inner\"><\/div>\n\t\t<\/div>\n\t\t\t\t\t\t<\/div>\n\t\t\t\t<\/div>\n\t\t\t\t<\/div>\n\t\t\t\t\t<\/div>\n\t\t\t\t<\/div>\n\t\t\t\t<\/div>\n\t\t","protected":false},"excerpt":{"rendered":"<p>Nutzungsbedingungen. Zugang zu dieser Website Diese Website ist Eigentum von ProductIP und wird von diesem Unternehmen betrieben. ProductIP gew\u00e4hrt Ihnen eine eingeschr\u00e4nkte Lizenz f\u00fcr den Zugriff auf die Website und f\u00fcr ihre pers\u00f6nliche Nutzung. Sie d\u00fcrfen die Website oder Teile davon nur mit ausdr\u00fccklicher schriftlicher Einwilligung von ProductIP herunterladen (mit Ausnahme von Seiten-Caching, Ver\u00f6ffentlichungen, technischen [&hellip;]<\/p>\n","protected":false},"author":2,"featured_media":0,"parent":0,"menu_order":0,"comment_status":"closed","ping_status":"closed","template":"","meta":{"_acf_changed":false,"footnotes":""},"class_list":["post-6265","page","type-page","status-publish","hentry"],"acf":[],"_links":{"self":[{"href":"https:\/\/www.productip.com\/de\/wp-json\/wp\/v2\/pages\/6265","targetHints":{"allow":["GET"]}}],"collection":[{"href":"https:\/\/www.productip.com\/de\/wp-json\/wp\/v2\/pages"}],"about":[{"href":"https:\/\/www.productip.com\/de\/wp-json\/wp\/v2\/types\/page"}],"author":[{"embeddable":true,"href":"https:\/\/www.productip.com\/de\/wp-json\/wp\/v2\/users\/2"}],"replies":[{"embeddable":true,"href":"https:\/\/www.productip.com\/de\/wp-json\/wp\/v2\/comments?post=6265"}],"version-history":[{"count":11,"href":"https:\/\/www.productip.com\/de\/wp-json\/wp\/v2\/pages\/6265\/revisions"}],"predecessor-version":[{"id":8739,"href":"https:\/\/www.productip.com\/de\/wp-json\/wp\/v2\/pages\/6265\/revisions\/8739"}],"wp:attachment":[{"href":"https:\/\/www.productip.com\/de\/wp-json\/wp\/v2\/media?parent=6265"}],"curies":[{"name":"wp","href":"https:\/\/api.w.org\/{rel}","templated":true}]}}