{"id":6278,"date":"2025-08-21T15:54:32","date_gmt":"2025-08-21T13:54:32","guid":{"rendered":"https:\/\/www.productip.com\/kontakt-zu-uns\/kontakt-dankeschoen\/"},"modified":"2026-02-19T15:00:52","modified_gmt":"2026-02-19T14:00:52","slug":"danke-kontakt","status":"publish","type":"page","link":"https:\/\/www.productip.com\/de\/kontakt-zu-uns\/danke-kontakt\/","title":{"rendered":"Vielen Dank f\u00fcr Ihre Kontaktaufnahme."},"content":{"rendered":"\t\t<div data-elementor-type=\"wp-page\" data-elementor-id=\"6278\" class=\"elementor elementor-6278 elementor-2267\" data-elementor-post-type=\"page\">\n\t\t\t\t<div class=\"elementor-element elementor-element-125941d e-flex e-con-boxed e-con e-parent\" data-id=\"125941d\" data-element_type=\"container\" data-e-type=\"container\">\n\t\t\t\t\t<div class=\"e-con-inner\">\n\t\t<div class=\"elementor-element elementor-element-36473f8 e-con-full e-flex e-con e-child\" data-id=\"36473f8\" data-element_type=\"container\" data-e-type=\"container\">\n\t\t<div class=\"elementor-element elementor-element-5d18d4d e-con-full e-flex e-con e-child\" data-id=\"5d18d4d\" data-element_type=\"container\" data-e-type=\"container\">\n\t\t\t\t<div class=\"elementor-element elementor-element-0fdd71c elementor-widget elementor-widget-heading\" data-id=\"0fdd71c\" data-element_type=\"widget\" data-e-type=\"widget\" data-widget_type=\"heading.default\">\n\t\t\t\t<div class=\"elementor-widget-container\">\n\t\t\t\t\t<h1 class=\"elementor-heading-title elementor-size-default\">Vielen Dank f\u00fcr Ihre Kontaktaufnahme<span>.<\/span><\/h1>\t\t\t\t<\/div>\n\t\t\t\t<\/div>\n\t\t\t\t<div class=\"elementor-element elementor-element-91b2839 elementor-widget__width-initial elementor-widget elementor-widget-text-editor\" data-id=\"91b2839\" data-element_type=\"widget\" data-e-type=\"widget\" data-widget_type=\"text-editor.default\">\n\t\t\t\t<div class=\"elementor-widget-container\">\n\t\t\t\t\t\t\t\t\t<p>Vielen Dank f\u00fcr Ihre Anfrage, eines der Mitglieder unserer internationalen Teams wird sich in K\u00fcrze bei Ihnen melden!<\/p>\n\t\t\t\t\t\t\t\t<\/div>\n\t\t\t\t<\/div>\n\t\t\t\t<\/div>\n\t\t<div class=\"elementor-element elementor-element-fb8840b e-con-full e-flex e-con e-child\" data-id=\"fb8840b\" data-element_type=\"container\" data-e-type=\"container\">\n\t\t\t\t<div class=\"elementor-element elementor-element-088ea3e elementor-widget elementor-widget-image\" data-id=\"088ea3e\" data-element_type=\"widget\" data-e-type=\"widget\" data-widget_type=\"image.default\">\n\t\t\t\t<div class=\"elementor-widget-container\">\n\t\t\t\t\t\t\t\t\t\t\t\t\t\t\t<img fetchpriority=\"high\" decoding=\"async\" width=\"708\" height=\"503\" src=\"https:\/\/www.productip.com\/wp-content\/uploads\/contact-bedankt.jpg\" class=\"attachment-large size-large wp-image-6215\" alt=\"Vielen Dank f\u00fcr Ihre Anfrage\" srcset=\"https:\/\/www.productip.com\/wp-content\/uploads\/contact-bedankt.jpg 708w, https:\/\/www.productip.com\/wp-content\/uploads\/contact-bedankt-300x213.jpg 300w\" sizes=\"(max-width: 708px) 100vw, 708px\" \/>\t\t\t\t\t\t\t\t\t\t\t\t\t\t\t<\/div>\n\t\t\t\t<\/div>\n\t\t\t\t<\/div>\n\t\t\t\t<\/div>\n\t\t\t\t\t<\/div>\n\t\t\t\t<\/div>\n\t\t<div class=\"elementor-element elementor-element-1853497 e-flex e-con-boxed e-con e-parent\" data-id=\"1853497\" data-element_type=\"container\" data-e-type=\"container\">\n\t\t\t\t\t<div class=\"e-con-inner\">\n\t\t\t\t<div class=\"elementor-element elementor-element-d28551a elementor-widget elementor-widget-template\" data-id=\"d28551a\" data-element_type=\"widget\" data-e-type=\"widget\" data-widget_type=\"template.default\">\n\t\t\t\t<div class=\"elementor-widget-container\">\n\t\t\t\t\t\t\t<div class=\"elementor-template\">\n\t\t\t\t\t<div data-elementor-type=\"container\" data-elementor-id=\"6269\" class=\"elementor elementor-6269 elementor-4112 elementor-4112\" data-elementor-post-type=\"elementor_library\">\n\t\t\t\t<div class=\"elementor-element elementor-element-434a6a7a e-grid e-con-boxed e-con e-child\" data-id=\"434a6a7a\" data-element_type=\"container\" data-e-type=\"container\">\n\t\t\t\t\t<div class=\"e-con-inner\">\n\t\t<a class=\"elementor-element elementor-element-6fee6a8b e-con-full discover-more e-flex e-con e-child\" data-id=\"6fee6a8b\" data-element_type=\"container\" data-e-type=\"container\" href=\"https:\/\/www.productip.com\/de\/\">\n\t\t<div class=\"elementor-element elementor-element-29132fe e-con-full e-flex e-con e-child\" data-id=\"29132fe\" data-element_type=\"container\" data-e-type=\"container\">\n\t\t\t\t<div class=\"elementor-element elementor-element-7a459290 elementor-widget elementor-widget-heading\" data-id=\"7a459290\" data-element_type=\"widget\" data-e-type=\"widget\" data-widget_type=\"heading.default\">\n\t\t\t\t<div class=\"elementor-widget-container\">\n\t\t\t\t\t<span class=\"elementor-heading-title elementor-size-default\">Zur\u00fcck zur<\/span>\t\t\t\t<\/div>\n\t\t\t\t<\/div>\n\t\t\t\t<div class=\"elementor-element elementor-element-61feb0f7 elementor-widget elementor-widget-heading\" data-id=\"61feb0f7\" data-element_type=\"widget\" data-e-type=\"widget\" data-widget_type=\"heading.default\">\n\t\t\t\t<div class=\"elementor-widget-container\">\n\t\t\t\t\t<h3 class=\"elementor-heading-title elementor-size-default\">Startseite<\/h3>\t\t\t\t<\/div>\n\t\t\t\t<\/div>\n\t\t\t\t<\/div>\n\t\t\t\t<div class=\"elementor-element elementor-element-23fc32c elementor-widget elementor-widget-image\" data-id=\"23fc32c\" data-element_type=\"widget\" data-e-type=\"widget\" data-widget_type=\"image.default\">\n\t\t\t\t<div class=\"elementor-widget-container\">\n\t\t\t\t\t\t\t\t\t\t\t\t\t\t\t<img decoding=\"async\" width=\"40\" height=\"40\" src=\"https:\/\/www.productip.com\/wp-content\/uploads\/up-right-icon.svg\" class=\"attachment-large size-large wp-image-6164\" alt=\"Up right arrow icon\" \/>\t\t\t\t\t\t\t\t\t\t\t\t\t\t\t<\/div>\n\t\t\t\t<\/div>\n\t\t\t\t<\/a>\n\t\t<a class=\"elementor-element elementor-element-2c7fc77b e-con-full discover-more e-flex e-con e-child\" data-id=\"2c7fc77b\" data-element_type=\"container\" data-e-type=\"container\" href=\"https:\/\/www.productip.com\/de\/plattformfunktionen\/\">\n\t\t<div class=\"elementor-element elementor-element-6e304087 e-con-full e-flex e-con e-child\" data-id=\"6e304087\" data-element_type=\"container\" data-e-type=\"container\">\n\t\t\t\t<div class=\"elementor-element elementor-element-7bc19542 elementor-widget elementor-widget-heading\" data-id=\"7bc19542\" data-element_type=\"widget\" data-e-type=\"widget\" data-widget_type=\"heading.default\">\n\t\t\t\t<div class=\"elementor-widget-container\">\n\t\t\t\t\t<span class=\"elementor-heading-title elementor-size-default\">Erfahren Sie alles \u00fcber unsere<\/span>\t\t\t\t<\/div>\n\t\t\t\t<\/div>\n\t\t\t\t<div class=\"elementor-element elementor-element-78d95a7f elementor-widget elementor-widget-heading\" data-id=\"78d95a7f\" data-element_type=\"widget\" data-e-type=\"widget\" data-widget_type=\"heading.default\">\n\t\t\t\t<div class=\"elementor-widget-container\">\n\t\t\t\t\t<h3 class=\"elementor-heading-title elementor-size-default\">Plattform<\/h3>\t\t\t\t<\/div>\n\t\t\t\t<\/div>\n\t\t\t\t<\/div>\n\t\t\t\t<div class=\"elementor-element elementor-element-34f38524 elementor-widget elementor-widget-image\" data-id=\"34f38524\" data-element_type=\"widget\" data-e-type=\"widget\" data-widget_type=\"image.default\">\n\t\t\t\t<div class=\"elementor-widget-container\">\n\t\t\t\t\t\t\t\t\t\t\t\t\t\t\t<img decoding=\"async\" width=\"40\" height=\"40\" src=\"https:\/\/www.productip.com\/wp-content\/uploads\/up-right-icon.svg\" class=\"attachment-large size-large wp-image-6164\" alt=\"Up right arrow icon\" \/>\t\t\t\t\t\t\t\t\t\t\t\t\t\t\t<\/div>\n\t\t\t\t<\/div>\n\t\t\t\t<\/a>\n\t\t<a class=\"elementor-element elementor-element-19be682f e-con-full discover-more e-flex e-con e-child\" data-id=\"19be682f\" data-element_type=\"container\" data-e-type=\"container\" href=\"https:\/\/www.productip.com\/de\/veranstaltungen-schulungen\/\">\n\t\t<div class=\"elementor-element elementor-element-3316e6d e-con-full e-flex e-con e-child\" data-id=\"3316e6d\" data-element_type=\"container\" data-e-type=\"container\">\n\t\t\t\t<div class=\"elementor-element elementor-element-542514f7 elementor-widget elementor-widget-heading\" data-id=\"542514f7\" data-element_type=\"widget\" data-e-type=\"widget\" data-widget_type=\"heading.default\">\n\t\t\t\t<div class=\"elementor-widget-container\">\n\t\t\t\t\t<span class=\"elementor-heading-title elementor-size-default\">Entdecken Sie unsere<\/span>\t\t\t\t<\/div>\n\t\t\t\t<\/div>\n\t\t\t\t<div class=\"elementor-element elementor-element-6856998e elementor-widget elementor-widget-heading\" data-id=\"6856998e\" data-element_type=\"widget\" data-e-type=\"widget\" data-widget_type=\"heading.default\">\n\t\t\t\t<div class=\"elementor-widget-container\">\n\t\t\t\t\t<h3 class=\"elementor-heading-title elementor-size-default\">Veranstaltungen<\/h3>\t\t\t\t<\/div>\n\t\t\t\t<\/div>\n\t\t\t\t<\/div>\n\t\t\t\t<div class=\"elementor-element elementor-element-7da2d743 elementor-widget elementor-widget-image\" data-id=\"7da2d743\" data-element_type=\"widget\" data-e-type=\"widget\" data-widget_type=\"image.default\">\n\t\t\t\t<div class=\"elementor-widget-container\">\n\t\t\t\t\t\t\t\t\t\t\t\t\t\t\t<img decoding=\"async\" width=\"40\" height=\"40\" src=\"https:\/\/www.productip.com\/wp-content\/uploads\/up-right-icon.svg\" class=\"attachment-large size-large wp-image-6164\" alt=\"Up right arrow icon\" \/>\t\t\t\t\t\t\t\t\t\t\t\t\t\t\t<\/div>\n\t\t\t\t<\/div>\n\t\t\t\t<\/a>\n\t\t<a class=\"elementor-element elementor-element-3e7936ae e-con-full discover-more e-flex e-con e-child\" data-id=\"3e7936ae\" data-element_type=\"container\" data-e-type=\"container\" href=\"https:\/\/www.productip.com\/de\/ueber-productip\/\">\n\t\t<div class=\"elementor-element elementor-element-25bf923c e-con-full e-flex e-con e-child\" data-id=\"25bf923c\" data-element_type=\"container\" data-e-type=\"container\">\n\t\t\t\t<div class=\"elementor-element elementor-element-42c3f215 elementor-widget elementor-widget-heading\" data-id=\"42c3f215\" data-element_type=\"widget\" data-e-type=\"widget\" data-widget_type=\"heading.default\">\n\t\t\t\t<div class=\"elementor-widget-container\">\n\t\t\t\t\t<span class=\"elementor-heading-title elementor-size-default\">Erfahren Sie mehr \u00fcber uns<\/span>\t\t\t\t<\/div>\n\t\t\t\t<\/div>\n\t\t\t\t<div class=\"elementor-element elementor-element-4a768f55 elementor-widget elementor-widget-heading\" data-id=\"4a768f55\" data-element_type=\"widget\" data-e-type=\"widget\" data-widget_type=\"heading.default\">\n\t\t\t\t<div class=\"elementor-widget-container\">\n\t\t\t\t\t<h3 class=\"elementor-heading-title elementor-size-default\">Unsere Geschichte<\/h3>\t\t\t\t<\/div>\n\t\t\t\t<\/div>\n\t\t\t\t<\/div>\n\t\t\t\t<div class=\"elementor-element elementor-element-599d823c elementor-widget elementor-widget-image\" data-id=\"599d823c\" data-element_type=\"widget\" data-e-type=\"widget\" data-widget_type=\"image.default\">\n\t\t\t\t<div class=\"elementor-widget-container\">\n\t\t\t\t\t\t\t\t\t\t\t\t\t\t\t<img decoding=\"async\" width=\"40\" height=\"40\" src=\"https:\/\/www.productip.com\/wp-content\/uploads\/up-right-icon.svg\" class=\"attachment-large size-large wp-image-6164\" alt=\"Up right arrow icon\" \/>\t\t\t\t\t\t\t\t\t\t\t\t\t\t\t<\/div>\n\t\t\t\t<\/div>\n\t\t\t\t<\/a>\n\t\t\t\t\t<\/div>\n\t\t\t\t<\/div>\n\t\t\t\t<\/div>\n\t\t\t\t<\/div>\n\t\t\t\t\t\t<\/div>\n\t\t\t\t<\/div>\n\t\t\t\t\t<\/div>\n\t\t\t\t<\/div>\n\t\t\t\t<\/div>\n\t\t","protected":false},"excerpt":{"rendered":"<p>Vielen Dank f\u00fcr Ihre Kontaktaufnahme. Vielen Dank f\u00fcr Ihre Anfrage, eines der Mitglieder unserer internationalen Teams wird sich in K\u00fcrze bei Ihnen melden!<\/p>\n","protected":false},"author":2,"featured_media":0,"parent":6216,"menu_order":0,"comment_status":"closed","ping_status":"closed","template":"","meta":{"_acf_changed":false,"footnotes":""},"class_list":["post-6278","page","type-page","status-publish","hentry"],"acf":[],"_links":{"self":[{"href":"https:\/\/www.productip.com\/de\/wp-json\/wp\/v2\/pages\/6278","targetHints":{"allow":["GET"]}}],"collection":[{"href":"https:\/\/www.productip.com\/de\/wp-json\/wp\/v2\/pages"}],"about":[{"href":"https:\/\/www.productip.com\/de\/wp-json\/wp\/v2\/types\/page"}],"author":[{"embeddable":true,"href":"https:\/\/www.productip.com\/de\/wp-json\/wp\/v2\/users\/2"}],"replies":[{"embeddable":true,"href":"https:\/\/www.productip.com\/de\/wp-json\/wp\/v2\/comments?post=6278"}],"version-history":[{"count":8,"href":"https:\/\/www.productip.com\/de\/wp-json\/wp\/v2\/pages\/6278\/revisions"}],"predecessor-version":[{"id":7793,"href":"https:\/\/www.productip.com\/de\/wp-json\/wp\/v2\/pages\/6278\/revisions\/7793"}],"up":[{"embeddable":true,"href":"https:\/\/www.productip.com\/de\/wp-json\/wp\/v2\/pages\/6216"}],"wp:attachment":[{"href":"https:\/\/www.productip.com\/de\/wp-json\/wp\/v2\/media?parent=6278"}],"curies":[{"name":"wp","href":"https:\/\/api.w.org\/{rel}","templated":true}]}}