{"id":6436,"date":"2025-08-19T16:13:28","date_gmt":"2025-08-19T14:13:28","guid":{"rendered":"https:\/\/www.productip.com\/veranstaltungen-schulungen\/"},"modified":"2026-04-01T10:08:21","modified_gmt":"2026-04-01T08:08:21","slug":"veranstaltungen-schulungen","status":"publish","type":"page","link":"https:\/\/www.productip.com\/de\/veranstaltungen-schulungen\/","title":{"rendered":"Veranstaltungen &#038; Schulungen"},"content":{"rendered":"\t\t<div data-elementor-type=\"wp-page\" data-elementor-id=\"6436\" class=\"elementor elementor-6436 elementor-2020\" data-elementor-post-type=\"page\">\n\t\t\t\t<div class=\"elementor-element elementor-element-e2b694c e-con-full pf-hero smaller e-flex e-con e-parent\" data-id=\"e2b694c\" data-element_type=\"container\" data-e-type=\"container\">\n\t\t<div class=\"elementor-element elementor-element-d153cd2 e-con-full hero-img e-flex e-con e-child\" data-id=\"d153cd2\" data-element_type=\"container\" data-e-type=\"container\">\n\t\t\t\t<div class=\"elementor-element elementor-element-b2d4390 elementor-widget elementor-widget-image\" data-id=\"b2d4390\" data-element_type=\"widget\" data-e-type=\"widget\" data-widget_type=\"image.default\">\n\t\t\t\t<div class=\"elementor-widget-container\">\n\t\t\t\t\t\t\t\t\t\t\t\t\t\t\t<img fetchpriority=\"high\" decoding=\"async\" width=\"1920\" height=\"427\" src=\"https:\/\/www.productip.com\/wp-content\/uploads\/Events-header.jpg\" class=\"attachment-full size-full wp-image-6194\" alt=\"Ereignis-Header\" srcset=\"https:\/\/www.productip.com\/wp-content\/uploads\/Events-header.jpg 1920w, https:\/\/www.productip.com\/wp-content\/uploads\/Events-header-300x67.jpg 300w, https:\/\/www.productip.com\/wp-content\/uploads\/Events-header-1024x228.jpg 1024w, https:\/\/www.productip.com\/wp-content\/uploads\/Events-header-768x171.jpg 768w, https:\/\/www.productip.com\/wp-content\/uploads\/Events-header-1536x342.jpg 1536w\" sizes=\"(max-width: 1920px) 100vw, 1920px\" \/>\t\t\t\t\t\t\t\t\t\t\t\t\t\t\t<\/div>\n\t\t\t\t<\/div>\n\t\t\t\t<\/div>\n\t\t<div class=\"elementor-element elementor-element-6fdd021 pf-text-container e-flex e-con-boxed e-con e-child\" data-id=\"6fdd021\" data-element_type=\"container\" data-e-type=\"container\" data-settings=\"{&quot;position&quot;:&quot;absolute&quot;}\">\n\t\t\t\t\t<div class=\"e-con-inner\">\n\t\t<div class=\"elementor-element elementor-element-f5df6a5 e-con-full pf-content-container e-flex e-con e-child\" data-id=\"f5df6a5\" data-element_type=\"container\" data-e-type=\"container\">\n\t\t\t\t<div class=\"elementor-element elementor-element-294bad6 pf-heading-h1 elementor-widget elementor-widget-heading\" data-id=\"294bad6\" data-element_type=\"widget\" data-e-type=\"widget\" data-widget_type=\"heading.default\">\n\t\t\t\t<div class=\"elementor-widget-container\">\n\t\t\t\t\t<h1 class=\"elementor-heading-title elementor-size-default\">Veranstaltungen &amp; Schulungen<\/h1>\t\t\t\t<\/div>\n\t\t\t\t<\/div>\n\t\t\t\t<div class=\"elementor-element elementor-element-b5a276d elementor-widget__width-initial pf-paragraph elementor-widget elementor-widget-text-editor\" data-id=\"b5a276d\" data-element_type=\"widget\" data-e-type=\"widget\" data-widget_type=\"text-editor.default\">\n\t\t\t\t<div class=\"elementor-widget-container\">\n\t\t\t\t\t\t\t\t\t<p>Hier finden Sie eine \u00dcbersicht \u00fcber alle bevorstehenden Veranstaltungen und Schulungen von ProductIP. Sie k\u00f6nnen Ihr Wissen \u00fcber chemische Stoffe vertiefen, den Umgang mit den Risiken in Ihrem Unternehmen erlernen oder mehr \u00fcber die ProductIP-Plattform erfahren.<\/p>\t\t\t\t\t\t\t\t<\/div>\n\t\t\t\t<\/div>\n\t\t\t\t<\/div>\n\t\t\t\t\t<\/div>\n\t\t\t\t<\/div>\n\t\t\t\t<\/div>\n\t\t<div class=\"elementor-element elementor-element-5d2c600 e-flex e-con-boxed e-con e-parent\" data-id=\"5d2c600\" data-element_type=\"container\" data-e-type=\"container\">\n\t\t\t\t\t<div class=\"e-con-inner\">\n\t\t<div class=\"elementor-element elementor-element-803b278 e-con-full e-flex e-con e-child\" data-id=\"803b278\" data-element_type=\"container\" data-e-type=\"container\" data-settings=\"{&quot;background_background&quot;:&quot;classic&quot;}\">\n\t\t\t\t<div class=\"elementor-element elementor-element-0db9222 elementor-widget elementor-widget-text-editor\" data-id=\"0db9222\" data-element_type=\"widget\" data-e-type=\"widget\" data-widget_type=\"text-editor.default\">\n\t\t\t\t<div class=\"elementor-widget-container\">\n\t\t\t\t\t\t\t\t\t<p>Um sich f\u00fcr eine Veranstaltung anzumelden, ben\u00f6tigen Sie ein kostenloses ProductIP-Konto.<\/p><p><a href=\"https:\/\/secure.productip.com\/registration\">Klicken Sie hier, um ein Konto zu erstellen<\/a>, falls Sie noch keines haben, und kehren Sie dann zu dieser Seite zur\u00fcck.<\/p>\t\t\t\t\t\t\t\t<\/div>\n\t\t\t\t<\/div>\n\t\t\t\t<\/div>\n\t\t\t\t\t<\/div>\n\t\t\t\t<\/div>\n\t\t<div class=\"elementor-element elementor-element-4c88cc4 e-flex e-con-boxed e-con e-parent\" data-id=\"4c88cc4\" data-element_type=\"container\" data-e-type=\"container\">\n\t\t\t\t\t<div class=\"e-con-inner\">\n\t\t\t\t<div class=\"elementor-element elementor-element-f52bd94 elementor-widget__width-inherit e-transform elementor-widget elementor-widget-html\" data-id=\"f52bd94\" data-element_type=\"widget\" data-e-type=\"widget\" data-settings=\"{&quot;_transform_translateY_effect&quot;:{&quot;unit&quot;:&quot;px&quot;,&quot;size&quot;:0,&quot;sizes&quot;:[]},&quot;_transform_translateX_effect&quot;:{&quot;unit&quot;:&quot;px&quot;,&quot;size&quot;:&quot;&quot;,&quot;sizes&quot;:[]},&quot;_transform_translateX_effect_tablet&quot;:{&quot;unit&quot;:&quot;px&quot;,&quot;size&quot;:&quot;&quot;,&quot;sizes&quot;:[]},&quot;_transform_translateX_effect_mobile&quot;:{&quot;unit&quot;:&quot;px&quot;,&quot;size&quot;:&quot;&quot;,&quot;sizes&quot;:[]},&quot;_transform_translateY_effect_tablet&quot;:{&quot;unit&quot;:&quot;px&quot;,&quot;size&quot;:&quot;&quot;,&quot;sizes&quot;:[]},&quot;_transform_translateY_effect_mobile&quot;:{&quot;unit&quot;:&quot;px&quot;,&quot;size&quot;:&quot;&quot;,&quot;sizes&quot;:[]}}\" data-widget_type=\"html.default\">\n\t\t\t\t<div class=\"elementor-widget-container\">\n\t\t\t\t\t<link rel=\"stylesheet\" href=\"\/website-events\/styles.css?20250919-11\" media=\"print\" onload=\"this.media='all'\">\r\n<div>\r\n<app-root id=\"ng-host\"><\/app-root>\r\n<\/div>\r\n<script src=\"\/website-events\/polyfills.js?20250919-11\" type=\"module\"><\/script>\r\n<script src=\"\/website-events\/main.js?20250919-11\" type=\"module\"><\/script>\t\t\t\t<\/div>\n\t\t\t\t<\/div>\n\t\t\t\t\t<\/div>\n\t\t\t\t<\/div>\n\t\t\t\t<\/div>\n\t\t","protected":false},"excerpt":{"rendered":"<p>Veranstaltungen &amp; Schulungen Hier finden Sie eine \u00dcbersicht \u00fcber alle bevorstehenden Veranstaltungen und Schulungen von ProductIP. Sie k\u00f6nnen Ihr Wissen \u00fcber chemische Stoffe vertiefen, den Umgang mit den Risiken in Ihrem Unternehmen erlernen oder mehr \u00fcber die ProductIP-Plattform erfahren. Um sich f\u00fcr eine Veranstaltung anzumelden, ben\u00f6tigen Sie ein kostenloses ProductIP-Konto. Klicken Sie hier, um ein [&hellip;]<\/p>\n","protected":false},"author":2,"featured_media":0,"parent":0,"menu_order":0,"comment_status":"closed","ping_status":"closed","template":"","meta":{"_acf_changed":false,"footnotes":""},"class_list":["post-6436","page","type-page","status-publish","hentry"],"acf":[],"_links":{"self":[{"href":"https:\/\/www.productip.com\/de\/wp-json\/wp\/v2\/pages\/6436","targetHints":{"allow":["GET"]}}],"collection":[{"href":"https:\/\/www.productip.com\/de\/wp-json\/wp\/v2\/pages"}],"about":[{"href":"https:\/\/www.productip.com\/de\/wp-json\/wp\/v2\/types\/page"}],"author":[{"embeddable":true,"href":"https:\/\/www.productip.com\/de\/wp-json\/wp\/v2\/users\/2"}],"replies":[{"embeddable":true,"href":"https:\/\/www.productip.com\/de\/wp-json\/wp\/v2\/comments?post=6436"}],"version-history":[{"count":7,"href":"https:\/\/www.productip.com\/de\/wp-json\/wp\/v2\/pages\/6436\/revisions"}],"predecessor-version":[{"id":8288,"href":"https:\/\/www.productip.com\/de\/wp-json\/wp\/v2\/pages\/6436\/revisions\/8288"}],"wp:attachment":[{"href":"https:\/\/www.productip.com\/de\/wp-json\/wp\/v2\/media?parent=6436"}],"curies":[{"name":"wp","href":"https:\/\/api.w.org\/{rel}","templated":true}]}}