{"id":6877,"date":"2025-09-22T13:22:22","date_gmt":"2025-09-22T11:22:22","guid":{"rendered":"https:\/\/www.productip.com\/ereignisse-test\/"},"modified":"2025-11-26T12:47:20","modified_gmt":"2025-11-26T11:47:20","slug":"ereignisse-test","status":"publish","type":"page","link":"https:\/\/www.productip.com\/de\/ereignisse-test\/","title":{"rendered":"Ereignisse &#8211; Test"},"content":{"rendered":"\t\t<div data-elementor-type=\"wp-page\" data-elementor-id=\"6877\" class=\"elementor elementor-6877 elementor-5564\" data-elementor-post-type=\"page\">\n\t\t\t\t<div class=\"elementor-element elementor-element-e2b694c e-con-full pf-hero smaller e-flex e-con e-parent\" data-id=\"e2b694c\" data-element_type=\"container\" data-e-type=\"container\">\n\t\t<div class=\"elementor-element elementor-element-d153cd2 e-con-full hero-img e-flex e-con e-child\" data-id=\"d153cd2\" data-element_type=\"container\" data-e-type=\"container\">\n\t\t\t\t<div class=\"elementor-element elementor-element-b2d4390 elementor-widget elementor-widget-image\" data-id=\"b2d4390\" data-element_type=\"widget\" data-e-type=\"widget\" data-widget_type=\"image.default\">\n\t\t\t\t<div class=\"elementor-widget-container\">\n\t\t\t\t\t\t\t\t\t\t\t\t\t\t\t<img fetchpriority=\"high\" decoding=\"async\" width=\"1920\" height=\"427\" src=\"https:\/\/www.productip.com\/wp-content\/uploads\/Events-header.jpg\" class=\"attachment-full size-full wp-image-6194\" alt=\"Ereignis-Header\" srcset=\"https:\/\/www.productip.com\/wp-content\/uploads\/Events-header.jpg 1920w, https:\/\/www.productip.com\/wp-content\/uploads\/Events-header-300x67.jpg 300w, https:\/\/www.productip.com\/wp-content\/uploads\/Events-header-1024x228.jpg 1024w, https:\/\/www.productip.com\/wp-content\/uploads\/Events-header-768x171.jpg 768w, https:\/\/www.productip.com\/wp-content\/uploads\/Events-header-1536x342.jpg 1536w\" sizes=\"(max-width: 1920px) 100vw, 1920px\" \/>\t\t\t\t\t\t\t\t\t\t\t\t\t\t\t<\/div>\n\t\t\t\t<\/div>\n\t\t\t\t<\/div>\n\t\t<div class=\"elementor-element elementor-element-6fdd021 pf-text-container e-flex e-con-boxed e-con e-child\" data-id=\"6fdd021\" data-element_type=\"container\" data-e-type=\"container\" data-settings=\"{&quot;position&quot;:&quot;absolute&quot;}\">\n\t\t\t\t\t<div class=\"e-con-inner\">\n\t\t<div class=\"elementor-element elementor-element-f5df6a5 e-con-full pf-content-container e-flex e-con e-child\" data-id=\"f5df6a5\" data-element_type=\"container\" data-e-type=\"container\">\n\t\t\t\t<div class=\"elementor-element elementor-element-294bad6 pf-heading-h1 elementor-widget elementor-widget-heading\" data-id=\"294bad6\" data-element_type=\"widget\" data-e-type=\"widget\" data-widget_type=\"heading.default\">\n\t\t\t\t<div class=\"elementor-widget-container\">\n\t\t\t\t\t<h1 class=\"elementor-heading-title elementor-size-default\">Veranstaltungen &amp; Trainings testen<\/h1>\t\t\t\t<\/div>\n\t\t\t\t<\/div>\n\t\t\t\t<div class=\"elementor-element elementor-element-b5a276d elementor-widget__width-initial pf-paragraph elementor-widget elementor-widget-text-editor\" data-id=\"b5a276d\" data-element_type=\"widget\" data-e-type=\"widget\" data-widget_type=\"text-editor.default\">\n\t\t\t\t<div class=\"elementor-widget-container\">\n\t\t\t\t\t\t\t\t\t<p>Hier finden Sie eine \u00dcbersicht aller anstehenden Veranstaltungen und Schulungen von ProductIP. Egal, ob Sie Ihr Wissen \u00fcber chemische Substanzen vertiefen, Risiken in Ihrem Unternehmen managen oder mehr \u00fcber die ProductIP-Plattform erfahren m\u00f6chten.<\/p>\n\t\t\t\t\t\t\t\t<\/div>\n\t\t\t\t<\/div>\n\t\t\t\t<\/div>\n\t\t\t\t\t<\/div>\n\t\t\t\t<\/div>\n\t\t\t\t<\/div>\n\t\t<div class=\"elementor-element elementor-element-4c88cc4 e-flex e-con-boxed e-con e-parent\" data-id=\"4c88cc4\" data-element_type=\"container\" data-e-type=\"container\">\n\t\t\t\t\t<div class=\"e-con-inner\">\n\t\t\t\t<div class=\"elementor-element elementor-element-f52bd94 elementor-widget__width-inherit e-transform elementor-widget elementor-widget-html\" data-id=\"f52bd94\" data-element_type=\"widget\" data-e-type=\"widget\" data-settings=\"{&quot;_transform_translateY_effect&quot;:{&quot;unit&quot;:&quot;px&quot;,&quot;size&quot;:0,&quot;sizes&quot;:[]},&quot;_transform_translateX_effect&quot;:{&quot;unit&quot;:&quot;px&quot;,&quot;size&quot;:&quot;&quot;,&quot;sizes&quot;:[]},&quot;_transform_translateX_effect_tablet&quot;:{&quot;unit&quot;:&quot;px&quot;,&quot;size&quot;:&quot;&quot;,&quot;sizes&quot;:[]},&quot;_transform_translateX_effect_mobile&quot;:{&quot;unit&quot;:&quot;px&quot;,&quot;size&quot;:&quot;&quot;,&quot;sizes&quot;:[]},&quot;_transform_translateY_effect_tablet&quot;:{&quot;unit&quot;:&quot;px&quot;,&quot;size&quot;:&quot;&quot;,&quot;sizes&quot;:[]},&quot;_transform_translateY_effect_mobile&quot;:{&quot;unit&quot;:&quot;px&quot;,&quot;size&quot;:&quot;&quot;,&quot;sizes&quot;:[]}}\" data-widget_type=\"html.default\">\n\t\t\t\t<div class=\"elementor-widget-container\">\n\t\t\t\t\t<link rel=\"stylesheet\" href=\"\/website-events-testing\/styles.css?20250922-5\" media=\"print\" onload=\"this.media='all'\">\r\n\r\n\r\n<div>\r\n<app-root id=\"ng-host\"><\/app-root>\r\n<\/div>\r\n<script src=\"\/website-events-testing\/polyfills.js?20250922-5\" type=\"module\"><\/script>\r\n<script src=\"\/website-events-testing\/main.js?20250922-5\" type=\"module\"><\/script>\t\t\t\t<\/div>\n\t\t\t\t<\/div>\n\t\t\t\t\t<\/div>\n\t\t\t\t<\/div>\n\t\t\t\t<\/div>\n\t\t","protected":false},"excerpt":{"rendered":"<p>Veranstaltungen &amp; Trainings testen Hier finden Sie eine \u00dcbersicht aller anstehenden Veranstaltungen und Schulungen von ProductIP. Egal, ob Sie Ihr Wissen \u00fcber chemische Substanzen vertiefen, Risiken in Ihrem Unternehmen managen oder mehr \u00fcber die ProductIP-Plattform erfahren m\u00f6chten.<\/p>\n","protected":false},"author":7,"featured_media":0,"parent":0,"menu_order":0,"comment_status":"closed","ping_status":"closed","template":"","meta":{"_acf_changed":false,"footnotes":""},"class_list":["post-6877","page","type-page","status-publish","hentry"],"acf":[],"_links":{"self":[{"href":"https:\/\/www.productip.com\/de\/wp-json\/wp\/v2\/pages\/6877","targetHints":{"allow":["GET"]}}],"collection":[{"href":"https:\/\/www.productip.com\/de\/wp-json\/wp\/v2\/pages"}],"about":[{"href":"https:\/\/www.productip.com\/de\/wp-json\/wp\/v2\/types\/page"}],"author":[{"embeddable":true,"href":"https:\/\/www.productip.com\/de\/wp-json\/wp\/v2\/users\/7"}],"replies":[{"embeddable":true,"href":"https:\/\/www.productip.com\/de\/wp-json\/wp\/v2\/comments?post=6877"}],"version-history":[{"count":1,"href":"https:\/\/www.productip.com\/de\/wp-json\/wp\/v2\/pages\/6877\/revisions"}],"predecessor-version":[{"id":6878,"href":"https:\/\/www.productip.com\/de\/wp-json\/wp\/v2\/pages\/6877\/revisions\/6878"}],"wp:attachment":[{"href":"https:\/\/www.productip.com\/de\/wp-json\/wp\/v2\/media?parent=6877"}],"curies":[{"name":"wp","href":"https:\/\/api.w.org\/{rel}","templated":true}]}}